{"id":1604,"date":"2021-03-31T11:58:24","date_gmt":"2021-03-31T14:58:24","guid":{"rendered":"http:\/\/hospitalgomendio.com.ar\/?page_id=1604"},"modified":"2023-04-22T10:50:58","modified_gmt":"2023-04-22T13:50:58","slug":"profesionales-perez-millan","status":"publish","type":"page","link":"http:\/\/www.hospitalgomendio.com.ar\/?page_id=1604","title":{"rendered":"Profesionales P\u00e9rez Mill\u00e1n"},"content":{"rendered":"\t\t<div data-elementor-type=\"wp-page\" data-elementor-id=\"1604\" class=\"elementor elementor-1604\" data-elementor-settings=\"[]\">\n\t\t\t\t\t\t<div class=\"elementor-inner\">\n\t\t\t\t\t\t\t<div class=\"elementor-section-wrap\">\n\t\t\t\t\t\t\t<section class=\"elementor-section elementor-top-section elementor-element elementor-element-6358fee elementor-section-boxed elementor-section-height-default elementor-section-height-default\" data-id=\"6358fee\" data-element_type=\"section\" data-settings=\"{&quot;background_background&quot;:&quot;classic&quot;,&quot;shape_divider_top&quot;:&quot;opacity-tilt&quot;,&quot;shape_divider_bottom&quot;:&quot;opacity-tilt&quot;}\">\n\t\t\t\t\t<div class=\"elementor-shape elementor-shape-top\" data-negative=\"false\">\n\t\t\t<svg xmlns=\"http:\/\/www.w3.org\/2000\/svg\" viewBox=\"0 0 2600 131.1\" preserveAspectRatio=\"none\">\n\t<path class=\"elementor-shape-fill\" d=\"M0 0L2600 0 2600 69.1 0 0z\"\/>\n\t<path class=\"elementor-shape-fill\" style=\"opacity:0.5\" d=\"M0 0L2600 0 2600 69.1 0 69.1z\"\/>\n\t<path class=\"elementor-shape-fill\" style=\"opacity:0.25\" d=\"M2600 0L0 0 0 130.1 2600 69.1z\"\/>\n<\/svg>\t\t<\/div>\n\t\t\t\t<div class=\"elementor-shape elementor-shape-bottom\" data-negative=\"false\">\n\t\t\t<svg xmlns=\"http:\/\/www.w3.org\/2000\/svg\" viewBox=\"0 0 2600 131.1\" preserveAspectRatio=\"none\">\n\t<path class=\"elementor-shape-fill\" d=\"M0 0L2600 0 2600 69.1 0 0z\"\/>\n\t<path class=\"elementor-shape-fill\" style=\"opacity:0.5\" d=\"M0 0L2600 0 2600 69.1 0 69.1z\"\/>\n\t<path class=\"elementor-shape-fill\" style=\"opacity:0.25\" d=\"M2600 0L0 0 0 130.1 2600 69.1z\"\/>\n<\/svg>\t\t<\/div>\n\t\t\t\t\t<div class=\"elementor-container elementor-column-gap-default\">\n\t\t\t\t\t\t\t<div class=\"elementor-row\">\n\t\t\t\t\t<div class=\"elementor-column elementor-col-100 elementor-top-column elementor-element elementor-element-16dc5a9\" data-id=\"16dc5a9\" data-element_type=\"column\">\n\t\t\t<div class=\"elementor-column-wrap elementor-element-populated\">\n\t\t\t\t\t\t\t<div class=\"elementor-widget-wrap\">\n\t\t\t\t\t\t<div class=\"elementor-element elementor-element-957e9f7 elementor-widget elementor-widget-spacer\" data-id=\"957e9f7\" data-element_type=\"widget\" data-widget_type=\"spacer.default\">\n\t\t\t\t<div class=\"elementor-widget-container\">\n\t\t\t\t\t<div class=\"elementor-spacer\">\n\t\t\t<div class=\"elementor-spacer-inner\"><\/div>\n\t\t<\/div>\n\t\t\t\t<\/div>\n\t\t\t\t<\/div>\n\t\t\t\t<div class=\"elementor-element elementor-element-3ef6e89 elementor-invisible elementor-widget elementor-widget-heading\" data-id=\"3ef6e89\" data-element_type=\"widget\" data-settings=\"{&quot;_animation&quot;:&quot;fadeIn&quot;}\" data-widget_type=\"heading.default\">\n\t\t\t\t<div class=\"elementor-widget-container\">\n\t\t\t<h2 class=\"elementor-heading-title elementor-size-default\"><span style=\"font-weight: normal;\">Listado de profesionales <\/span>2023<br>Unidad Sanitaria P\u00e9rez Mill\u00e1n<\/h2>\t\t<\/div>\n\t\t\t\t<\/div>\n\t\t\t\t<div class=\"elementor-element elementor-element-5e9f7de elementor-widget elementor-widget-spacer\" data-id=\"5e9f7de\" data-element_type=\"widget\" data-widget_type=\"spacer.default\">\n\t\t\t\t<div class=\"elementor-widget-container\">\n\t\t\t\t\t<div class=\"elementor-spacer\">\n\t\t\t<div class=\"elementor-spacer-inner\"><\/div>\n\t\t<\/div>\n\t\t\t\t<\/div>\n\t\t\t\t<\/div>\n\t\t\t\t\t\t<\/div>\n\t\t\t\t\t<\/div>\n\t\t<\/div>\n\t\t\t\t\t\t\t\t<\/div>\n\t\t\t\t\t<\/div>\n\t\t<\/section>\n\t\t\t\t<section class=\"elementor-section elementor-top-section elementor-element elementor-element-1d92e15 elementor-section-boxed elementor-section-height-default elementor-section-height-default\" data-id=\"1d92e15\" data-element_type=\"section\">\n\t\t\t\t\t\t<div class=\"elementor-container elementor-column-gap-default\">\n\t\t\t\t\t\t\t<div class=\"elementor-row\">\n\t\t\t\t\t<div class=\"elementor-column elementor-col-100 elementor-top-column elementor-element elementor-element-3a6b4ae\" data-id=\"3a6b4ae\" data-element_type=\"column\">\n\t\t\t<div class=\"elementor-column-wrap elementor-element-populated\">\n\t\t\t\t\t\t\t<div class=\"elementor-widget-wrap\">\n\t\t\t\t\t\t<div class=\"elementor-element elementor-element-f6125c5 elementor-widget elementor-widget-spacer\" data-id=\"f6125c5\" data-element_type=\"widget\" data-widget_type=\"spacer.default\">\n\t\t\t\t<div class=\"elementor-widget-container\">\n\t\t\t\t\t<div class=\"elementor-spacer\">\n\t\t\t<div class=\"elementor-spacer-inner\"><\/div>\n\t\t<\/div>\n\t\t\t\t<\/div>\n\t\t\t\t<\/div>\n\t\t\t\t<div class=\"elementor-element elementor-element-f8d08b1 elementor-widget elementor-widget-heading\" data-id=\"f8d08b1\" data-element_type=\"widget\" data-widget_type=\"heading.default\">\n\t\t\t\t<div class=\"elementor-widget-container\">\n\t\t\t<h2 class=\"elementor-heading-title elementor-size-default\">Seleccion\u00e1 el d\u00eda:<\/h2>\t\t<\/div>\n\t\t\t\t<\/div>\n\t\t\t\t<div class=\"elementor-element elementor-element-37de9ad elementor-widget elementor-widget-text-editor\" data-id=\"37de9ad\" data-element_type=\"widget\" data-widget_type=\"text-editor.default\">\n\t\t\t\t<div class=\"elementor-widget-container\">\n\t\t\t\t\t<div class=\"elementor-text-editor elementor-clearfix\"><p class=\"_04xlpA direction-ltr align-start para-style-body\"><strong><span class=\"S1PPyQ\">CL\u00cdNICO:<\/span><\/strong><\/p><ul><li><span class=\"S1PPyQ\">Grega Julio: lunes a viernes.<\/span><\/li><li><span class=\"S1PPyQ\">Pachioni Pablo: lunes, martes, mi\u00e9rcoles y viernes de 08:30 a 12:00 Hs.<\/span><\/li><li><span class=\"S1PPyQ\">Musante Viviana: mi\u00e9rcoles de 13 a 17 Hs. y viernes de 09 a 14 Hs.<\/span><\/li><\/ul><p class=\"_04xlpA direction-ltr align-start para-style-body\"><strong><span class=\"S1PPyQ\">OBSTETRICIA<\/span><\/strong><\/p><ul><li><span class=\"S1PPyQ\">Alessio Juliana: jueves de 08:30 a 11 Hs.<\/span><\/li><li><span class=\"S1PPyQ\">Lanciotti Nelida: jueves de 14:30hs a 17:00 Hs.<\/span><\/li><\/ul><p class=\"_04xlpA direction-ltr align-start para-style-body\"><strong><span class=\"S1PPyQ\">ODONT\u00d3LOG\u00cdA<\/span><\/strong><\/p><ul><li><span class=\"S1PPyQ\">Ni\u00f1os:<\/span><span class=\"S1PPyQ\"> Pagnanini B\u00e1rbara: jueves de 09 a 15 Hs.<\/span><\/li><li><span class=\"S1PPyQ\">Adultos:<\/span><span class=\"S1PPyQ\"> Basso Horacio: martes de 09 a 15 Hs.<\/span><\/li><\/ul><p class=\"_04xlpA direction-ltr align-start para-style-body\"><strong><span class=\"S1PPyQ\">PSICOLOG\u00cdA<\/span><\/strong><\/p><ul><li><span class=\"S1PPyQ\">Duchi Silvia: mi\u00e9rcoles de 09 a 12 Hs.<\/span><\/li><li><span class=\"S1PPyQ\">Arbuatti Andr\u00e9s: viernes de 08:30 a 14:00 Hs.<\/span><\/li><li><span class=\"S1PPyQ\">Pereira Patricia: martes de 08:30 a 12:00 Hs.<\/span><\/li><li><span class=\"S1PPyQ\">Boffi Paola: lunes de 08:30 a 12:00 Hs.<\/span><\/li><\/ul><p class=\"_04xlpA direction-ltr align-start para-style-body\"><strong><span class=\"S1PPyQ\">PSICOPEDAGOG\u00cdA<\/span><\/strong><\/p><ul><li><span class=\"S1PPyQ\">Medica Agostina: mi\u00e9rcoles de 09 a 12 Hs.<\/span><\/li><\/ul><p class=\"_04xlpA direction-ltr align-start para-style-body\"><strong><span class=\"S1PPyQ\">GINECOLOG\u00cdA<\/span><\/strong><\/p><ul><li><span class=\"S1PPyQ\">Funes Roc\u00edo: martes de 08 a 11 Hs.<\/span><\/li><\/ul><p class=\"_04xlpA direction-ltr align-start para-style-body\"><strong><span class=\"S1PPyQ\">CARDIOLOG\u00cdA:<\/span><\/strong><\/p><ul><li><span class=\"S1PPyQ\">De Rosa Jerem\u00edas: viernes de 08 a 10 Hs. (la atenci\u00f3n de los pacientes se hace en su consultorio privado).<\/span><\/li><\/ul><p class=\"_04xlpA direction-ltr align-start para-style-body\"><strong><span class=\"S1PPyQ\">TRAUMATOLOG\u00cdA:<\/span><\/strong><\/p><ul><li><span class=\"S1PPyQ\">Terruggi Juan: jueves de 08 a 10 Hs. (cuando el mes tiene 5 jueves, el \u00faltimo jueves no atiende).<\/span><\/li><\/ul><p class=\"_04xlpA direction-ltr align-start para-style-body\"><strong><span class=\"S1PPyQ\">NUTRICI\u00d3N:<\/span><\/strong><\/p><ul><li><span class=\"S1PPyQ\"><span style=\"text-decoration: underline;\">Adultos:<\/span> <\/span><span class=\"S1PPyQ\">Oggero Bel\u00e9n: lunes de 08 a 11 Hs.<\/span><\/li><li><span style=\"text-decoration: underline;\"><span class=\"S1PPyQ\">Ni\u00f1os: <\/span><\/span><span class=\"S1PPyQ\">Bersano Julieta: jueves de 08 a 12 Hs.<\/span><\/li><\/ul><p class=\"_04xlpA direction-ltr align-start para-style-body\"><strong><span class=\"S1PPyQ\">PSIQUIATR\u00cdA:<\/span><\/strong><\/p><ul><li><span class=\"S1PPyQ\">Badano Ariel: jueves de 08:30hs a 11:00 Hs.<\/span><\/li><\/ul><p class=\"_04xlpA direction-ltr align-start para-style-body\"><strong><span class=\"S1PPyQ\">FONOAUDIOLOG\u00cdA:<\/span><\/strong><\/p><ul><li><span class=\"S1PPyQ\">Puchet Mar\u00eda Paula: viernes de 11 a 15 Hs.<\/span><\/li><\/ul><p class=\"_04xlpA direction-ltr align-start para-style-body\"><strong><span class=\"S1PPyQ\">KINESIOLOG\u00cdA:<\/span><\/strong><\/p><ul><li><span class=\"S1PPyQ\">Matkovich Melina: lunes, martes jueves y viernes de 08 a 12 Hs. y viernes 12 a 16 Hs.<\/span><\/li><\/ul><p class=\"_04xlpA direction-ltr align-start para-style-body\"><strong><span class=\"S1PPyQ\">PEDIATR\u00cdA:<\/span><\/strong><\/p><ul><li><span class=\"S1PPyQ\">Tames Ludmila: lunes, mi\u00e9rcoles y jueves de 08 a 12 Hs.<\/span><\/li><\/ul><p class=\"_04xlpA direction-ltr align-start para-style-body\"><strong><span class=\"S1PPyQ\">ASISTENTE SOCIAL:<\/span><\/strong><\/p><ul><li><span class=\"S1PPyQ\">Jaime Roc\u00edo: lunes, mi\u00e9rcoles, jueves y viernes de 07 a 13 Hs.<\/span><\/li><\/ul><\/div>\n\t\t\t\t<\/div>\n\t\t\t\t<\/div>\n\t\t\t\t\t\t<\/div>\n\t\t\t\t\t<\/div>\n\t\t<\/div>\n\t\t\t\t\t\t\t\t<\/div>\n\t\t\t\t\t<\/div>\n\t\t<\/section>\n\t\t\t\t<section class=\"elementor-section elementor-top-section elementor-element elementor-element-9d1780d elementor-section-boxed elementor-section-height-default elementor-section-height-default\" data-id=\"9d1780d\" data-element_type=\"section\">\n\t\t\t\t\t\t<div class=\"elementor-container elementor-column-gap-default\">\n\t\t\t\t\t\t\t<div class=\"elementor-row\">\n\t\t\t\t\t<div class=\"elementor-column elementor-col-100 elementor-top-column elementor-element elementor-element-39cbfaa\" data-id=\"39cbfaa\" data-element_type=\"column\">\n\t\t\t<div class=\"elementor-column-wrap elementor-element-populated\">\n\t\t\t\t\t\t\t<div class=\"elementor-widget-wrap\">\n\t\t\t\t\t\t<div class=\"elementor-element elementor-element-28b43d1 elementor-widget elementor-widget-spacer\" data-id=\"28b43d1\" data-element_type=\"widget\" data-widget_type=\"spacer.default\">\n\t\t\t\t<div class=\"elementor-widget-container\">\n\t\t\t\t\t<div class=\"elementor-spacer\">\n\t\t\t<div class=\"elementor-spacer-inner\"><\/div>\n\t\t<\/div>\n\t\t\t\t<\/div>\n\t\t\t\t<\/div>\n\t\t\t\t\t\t<\/div>\n\t\t\t\t\t<\/div>\n\t\t<\/div>\n\t\t\t\t\t\t\t\t<\/div>\n\t\t\t\t\t<\/div>\n\t\t<\/section>\n\t\t\t\t\t\t<\/div>\n\t\t\t\t\t\t<\/div>\n\t\t\t\t\t<\/div>\n\t\t","protected":false},"excerpt":{"rendered":"<p>Listado de profesionales 2023Unidad Sanitaria P\u00e9rez Mill\u00e1n Seleccion\u00e1 el d\u00eda: CL\u00cdNICO: Grega Julio: lunes a viernes. Pachioni Pablo: lunes, martes, mi\u00e9rcoles y viernes de 08:30 a 12:00 Hs. Musante Viviana: &#8230;<\/p>\n","protected":false},"author":1,"featured_media":0,"parent":0,"menu_order":0,"comment_status":"closed","ping_status":"closed","template":"elementor_header_footer","meta":[],"_links":{"self":[{"href":"http:\/\/www.hospitalgomendio.com.ar\/index.php?rest_route=\/wp\/v2\/pages\/1604"}],"collection":[{"href":"http:\/\/www.hospitalgomendio.com.ar\/index.php?rest_route=\/wp\/v2\/pages"}],"about":[{"href":"http:\/\/www.hospitalgomendio.com.ar\/index.php?rest_route=\/wp\/v2\/types\/page"}],"author":[{"embeddable":true,"href":"http:\/\/www.hospitalgomendio.com.ar\/index.php?rest_route=\/wp\/v2\/users\/1"}],"replies":[{"embeddable":true,"href":"http:\/\/www.hospitalgomendio.com.ar\/index.php?rest_route=%2Fwp%2Fv2%2Fcomments&post=1604"}],"version-history":[{"count":15,"href":"http:\/\/www.hospitalgomendio.com.ar\/index.php?rest_route=\/wp\/v2\/pages\/1604\/revisions"}],"predecessor-version":[{"id":1867,"href":"http:\/\/www.hospitalgomendio.com.ar\/index.php?rest_route=\/wp\/v2\/pages\/1604\/revisions\/1867"}],"wp:attachment":[{"href":"http:\/\/www.hospitalgomendio.com.ar\/index.php?rest_route=%2Fwp%2Fv2%2Fmedia&parent=1604"}],"curies":[{"name":"wp","href":"https:\/\/api.w.org\/{rel}","templated":true}]}}