{"id":1623,"date":"2021-04-07T09:50:58","date_gmt":"2021-04-07T12:50:58","guid":{"rendered":"http:\/\/hospitalgomendio.com.ar\/?page_id=1623"},"modified":"2023-04-22T10:54:14","modified_gmt":"2023-04-22T13:54:14","slug":"profesionales-perez-millan-2","status":"publish","type":"page","link":"http:\/\/www.hospitalgomendio.com.ar\/?page_id=1623","title":{"rendered":"Profesionales V. Gral. Savio"},"content":{"rendered":"\t\t<div data-elementor-type=\"wp-page\" data-elementor-id=\"1623\" class=\"elementor elementor-1623\" data-elementor-settings=\"[]\">\n\t\t\t\t\t\t<div class=\"elementor-inner\">\n\t\t\t\t\t\t\t<div class=\"elementor-section-wrap\">\n\t\t\t\t\t\t\t<section class=\"elementor-section elementor-top-section elementor-element elementor-element-6358fee elementor-section-boxed elementor-section-height-default elementor-section-height-default\" data-id=\"6358fee\" data-element_type=\"section\" data-settings=\"{&quot;background_background&quot;:&quot;classic&quot;,&quot;shape_divider_top&quot;:&quot;opacity-tilt&quot;,&quot;shape_divider_bottom&quot;:&quot;opacity-tilt&quot;}\">\n\t\t\t\t\t<div class=\"elementor-shape elementor-shape-top\" data-negative=\"false\">\n\t\t\t<svg xmlns=\"http:\/\/www.w3.org\/2000\/svg\" viewBox=\"0 0 2600 131.1\" preserveAspectRatio=\"none\">\n\t<path class=\"elementor-shape-fill\" d=\"M0 0L2600 0 2600 69.1 0 0z\"\/>\n\t<path class=\"elementor-shape-fill\" style=\"opacity:0.5\" d=\"M0 0L2600 0 2600 69.1 0 69.1z\"\/>\n\t<path class=\"elementor-shape-fill\" style=\"opacity:0.25\" d=\"M2600 0L0 0 0 130.1 2600 69.1z\"\/>\n<\/svg>\t\t<\/div>\n\t\t\t\t<div class=\"elementor-shape elementor-shape-bottom\" data-negative=\"false\">\n\t\t\t<svg xmlns=\"http:\/\/www.w3.org\/2000\/svg\" viewBox=\"0 0 2600 131.1\" preserveAspectRatio=\"none\">\n\t<path class=\"elementor-shape-fill\" d=\"M0 0L2600 0 2600 69.1 0 0z\"\/>\n\t<path class=\"elementor-shape-fill\" style=\"opacity:0.5\" d=\"M0 0L2600 0 2600 69.1 0 69.1z\"\/>\n\t<path class=\"elementor-shape-fill\" style=\"opacity:0.25\" d=\"M2600 0L0 0 0 130.1 2600 69.1z\"\/>\n<\/svg>\t\t<\/div>\n\t\t\t\t\t<div class=\"elementor-container elementor-column-gap-default\">\n\t\t\t\t\t\t\t<div class=\"elementor-row\">\n\t\t\t\t\t<div class=\"elementor-column elementor-col-100 elementor-top-column elementor-element elementor-element-16dc5a9\" data-id=\"16dc5a9\" data-element_type=\"column\">\n\t\t\t<div class=\"elementor-column-wrap elementor-element-populated\">\n\t\t\t\t\t\t\t<div class=\"elementor-widget-wrap\">\n\t\t\t\t\t\t<div class=\"elementor-element elementor-element-957e9f7 elementor-widget elementor-widget-spacer\" data-id=\"957e9f7\" data-element_type=\"widget\" data-widget_type=\"spacer.default\">\n\t\t\t\t<div class=\"elementor-widget-container\">\n\t\t\t\t\t<div class=\"elementor-spacer\">\n\t\t\t<div class=\"elementor-spacer-inner\"><\/div>\n\t\t<\/div>\n\t\t\t\t<\/div>\n\t\t\t\t<\/div>\n\t\t\t\t<div class=\"elementor-element elementor-element-3ef6e89 elementor-invisible elementor-widget elementor-widget-heading\" data-id=\"3ef6e89\" data-element_type=\"widget\" data-settings=\"{&quot;_animation&quot;:&quot;fadeIn&quot;}\" data-widget_type=\"heading.default\">\n\t\t\t\t<div class=\"elementor-widget-container\">\n\t\t\t<h2 class=\"elementor-heading-title elementor-size-default\"><span style=\"font-weight: normal;\">Listado de profesionales <\/span>2023<br>Unidad Sanitaria Villa General Savio<\/h2>\t\t<\/div>\n\t\t\t\t<\/div>\n\t\t\t\t<div class=\"elementor-element elementor-element-5e9f7de elementor-widget elementor-widget-spacer\" data-id=\"5e9f7de\" data-element_type=\"widget\" data-widget_type=\"spacer.default\">\n\t\t\t\t<div class=\"elementor-widget-container\">\n\t\t\t\t\t<div class=\"elementor-spacer\">\n\t\t\t<div class=\"elementor-spacer-inner\"><\/div>\n\t\t<\/div>\n\t\t\t\t<\/div>\n\t\t\t\t<\/div>\n\t\t\t\t\t\t<\/div>\n\t\t\t\t\t<\/div>\n\t\t<\/div>\n\t\t\t\t\t\t\t\t<\/div>\n\t\t\t\t\t<\/div>\n\t\t<\/section>\n\t\t\t\t<section class=\"elementor-section elementor-top-section elementor-element elementor-element-1d92e15 elementor-section-boxed elementor-section-height-default elementor-section-height-default\" data-id=\"1d92e15\" data-element_type=\"section\">\n\t\t\t\t\t\t<div class=\"elementor-container elementor-column-gap-default\">\n\t\t\t\t\t\t\t<div class=\"elementor-row\">\n\t\t\t\t\t<div class=\"elementor-column elementor-col-100 elementor-top-column elementor-element elementor-element-3a6b4ae\" data-id=\"3a6b4ae\" data-element_type=\"column\">\n\t\t\t<div class=\"elementor-column-wrap elementor-element-populated\">\n\t\t\t\t\t\t\t<div class=\"elementor-widget-wrap\">\n\t\t\t\t\t\t<div class=\"elementor-element elementor-element-f6125c5 elementor-widget elementor-widget-spacer\" data-id=\"f6125c5\" data-element_type=\"widget\" data-widget_type=\"spacer.default\">\n\t\t\t\t<div class=\"elementor-widget-container\">\n\t\t\t\t\t<div class=\"elementor-spacer\">\n\t\t\t<div class=\"elementor-spacer-inner\"><\/div>\n\t\t<\/div>\n\t\t\t\t<\/div>\n\t\t\t\t<\/div>\n\t\t\t\t<div class=\"elementor-element elementor-element-f8d08b1 elementor-widget elementor-widget-heading\" data-id=\"f8d08b1\" data-element_type=\"widget\" data-widget_type=\"heading.default\">\n\t\t\t\t<div class=\"elementor-widget-container\">\n\t\t\t<h2 class=\"elementor-heading-title elementor-size-default\">Seleccion\u00e1 el d\u00eda:<\/h2>\t\t<\/div>\n\t\t\t\t<\/div>\n\t\t\t\t<div class=\"elementor-element elementor-element-f8254ef elementor-widget elementor-widget-eael-adv-accordion\" data-id=\"f8254ef\" data-element_type=\"widget\" data-widget_type=\"eael-adv-accordion.default\">\n\t\t\t\t<div class=\"elementor-widget-container\">\n\t\t\t        <div class=\"eael-adv-accordion\" id=\"eael-adv-accordion-f8254ef\" data-accordion-id=\"f8254ef\" data-accordion-type=\"accordion\" data-toogle-speed=\"300\">\n    <div class=\"eael-accordion-list\">\n                <div id=\"elementor-tab-title-2601\" class=\"elementor-tab-title eael-accordion-header\" tabindex=\"2601\" data-tab=\"1\" role=\"tab\" aria-controls=\"elementor-tab-content-2601\"><i class=\"fas fa-stream fa-accordion-icon\"><\/i><span class=\"eael-accordion-tab-title\">Cl\u00ednica<\/span><i class=\"fas fa-angle-right fa-toggle\"><\/i><\/div><div id=\"elementor-tab-content-2601\" class=\"eael-accordion-content clearfix\" data-tab=\"1\" role=\"tabpanel\" aria-labelledby=\"elementor-tab-title-2601\"><p><ul><li><span class=\"S1PPyQ\">Dra. Mari:<\/span> <span class=\"S1PPyQ\">lunes a viernes de 08:30 Hs.<\/span><\/li><li><span class=\"S1PPyQ\">Dra. Soffiantini: lunes, mi\u00e9rcoles, jueves y viernes 13:30 Hs. \/ martes 14:30 Hs.<\/span><\/li><li><span class=\"S1PPyQ\">Dra. Cuevas: lunes, martes y mi\u00e9rcoles de 17 a 20 Hs. \/ s\u00e1bados de 08 a 12 Hs.<\/span><\/li><\/ul><\/p><\/div>\n                <\/div><div class=\"eael-accordion-list\">\n                <div id=\"elementor-tab-title-2602\" class=\"elementor-tab-title eael-accordion-header\" tabindex=\"2602\" data-tab=\"2\" role=\"tab\" aria-controls=\"elementor-tab-content-2602\"><i class=\"fas fa-stream fa-accordion-icon\"><\/i><span class=\"eael-accordion-tab-title\">Fonoaudiolog\u00eda<\/span><i class=\"fas fa-angle-right fa-toggle\"><\/i><\/div><div id=\"elementor-tab-content-2602\" class=\"eael-accordion-content clearfix\" data-tab=\"2\" role=\"tabpanel\" aria-labelledby=\"elementor-tab-title-2602\"><p><ul><li><span class=\"S1PPyQ\">Lic. Puchet: martes 08 Hs.<\/span><\/li><\/ul><\/p><\/div>\n                <\/div><div class=\"eael-accordion-list\">\n                <div id=\"elementor-tab-title-2603\" class=\"elementor-tab-title eael-accordion-header\" tabindex=\"2603\" data-tab=\"3\" role=\"tab\" aria-controls=\"elementor-tab-content-2603\"><i class=\"fas fa-stream fa-accordion-icon\"><\/i><span class=\"eael-accordion-tab-title\">Ginecolog\u00eda<\/span><i class=\"fas fa-angle-right fa-toggle\"><\/i><\/div><div id=\"elementor-tab-content-2603\" class=\"eael-accordion-content clearfix\" data-tab=\"3\" role=\"tabpanel\" aria-labelledby=\"elementor-tab-title-2603\"><p><ul><li><span class=\"S1PPyQ\">Dra. Habib: s\u00e1bado 08 Hs.<\/span><\/li><\/ul><\/p><\/div>\n                <\/div><div class=\"eael-accordion-list\">\n                <div id=\"elementor-tab-title-2604\" class=\"elementor-tab-title eael-accordion-header\" tabindex=\"2604\" data-tab=\"4\" role=\"tab\" aria-controls=\"elementor-tab-content-2604\"><i class=\"fas fa-stream fa-accordion-icon\"><\/i><span class=\"eael-accordion-tab-title\">Odontolog\u00eda<\/span><i class=\"fas fa-angle-right fa-toggle\"><\/i><\/div><div id=\"elementor-tab-content-2604\" class=\"eael-accordion-content clearfix\" data-tab=\"4\" role=\"tabpanel\" aria-labelledby=\"elementor-tab-title-2604\"><p><ul><li><span class=\"S1PPyQ\">Od. Basso: mi\u00e9rcoles y jueves 08 Hs.<\/span><\/li><li><span class=\"S1PPyQ\">Od. Pagnanini: martes 08 Hs.<\/span><\/li><li><span class=\"S1PPyQ\">Od. Gil Miranda: lunes 08 Hs.<\/span><\/li><\/ul><\/p><\/div>\n                <\/div><div class=\"eael-accordion-list\">\n                <div id=\"elementor-tab-title-2605\" class=\"elementor-tab-title eael-accordion-header\" tabindex=\"2605\" data-tab=\"5\" role=\"tab\" aria-controls=\"elementor-tab-content-2605\"><i class=\"fas fa-stream fa-accordion-icon\"><\/i><span class=\"eael-accordion-tab-title\">Nutrici\u00f3n<\/span><i class=\"fas fa-angle-right fa-toggle\"><\/i><\/div><div id=\"elementor-tab-content-2605\" class=\"eael-accordion-content clearfix\" data-tab=\"5\" role=\"tabpanel\" aria-labelledby=\"elementor-tab-title-2605\"><p><ul><li><span class=\"S1PPyQ\">Lic. Oggero: mi\u00e9rcoles 08:30 Hs.<\/span><\/li><\/ul><\/p><\/div>\n                <\/div><div class=\"eael-accordion-list\">\n                <div id=\"elementor-tab-title-2606\" class=\"elementor-tab-title eael-accordion-header\" tabindex=\"2606\" data-tab=\"6\" role=\"tab\" aria-controls=\"elementor-tab-content-2606\"><i class=\"fas fa-stream fa-accordion-icon\"><\/i><span class=\"eael-accordion-tab-title\">Obstetra<\/span><i class=\"fas fa-angle-right fa-toggle\"><\/i><\/div><div id=\"elementor-tab-content-2606\" class=\"eael-accordion-content clearfix\" data-tab=\"6\" role=\"tabpanel\" aria-labelledby=\"elementor-tab-title-2606\"><p><ul><li><span class=\"S1PPyQ\">Lic. Arnal: mi\u00e9rcoles 09 Hs.<\/span><\/li><\/ul><\/p><\/div>\n                <\/div><div class=\"eael-accordion-list\">\n                <div id=\"elementor-tab-title-2607\" class=\"elementor-tab-title eael-accordion-header\" tabindex=\"2607\" data-tab=\"7\" role=\"tab\" aria-controls=\"elementor-tab-content-2607\"><i class=\"fas fa-stream fa-accordion-icon\"><\/i><span class=\"eael-accordion-tab-title\">Pediatr\u00eda<\/span><i class=\"fas fa-angle-right fa-toggle\"><\/i><\/div><div id=\"elementor-tab-content-2607\" class=\"eael-accordion-content clearfix\" data-tab=\"7\" role=\"tabpanel\" aria-labelledby=\"elementor-tab-title-2607\"><p><ul><li><span class=\"S1PPyQ\">Dra. Di Renzo: lunes y viernes 08 Hs. \/ mi\u00e9rcoles 10 Hs.<\/span><\/li><\/ul><\/p><\/div>\n                <\/div><div class=\"eael-accordion-list\">\n                <div id=\"elementor-tab-title-2608\" class=\"elementor-tab-title eael-accordion-header\" tabindex=\"2608\" data-tab=\"8\" role=\"tab\" aria-controls=\"elementor-tab-content-2608\"><i class=\"fas fa-stream fa-accordion-icon\"><\/i><span class=\"eael-accordion-tab-title\">Psicolog\u00eda<\/span><i class=\"fas fa-angle-right fa-toggle\"><\/i><\/div><div id=\"elementor-tab-content-2608\" class=\"eael-accordion-content clearfix\" data-tab=\"8\" role=\"tabpanel\" aria-labelledby=\"elementor-tab-title-2608\"><p><ul><li><span class=\"S1PPyQ\">Lic. Garc\u00eda: jueves 13:30 Hs.<\/span><\/li><\/ul><\/p><\/div>\n                <\/div><\/div>\t\t<\/div>\n\t\t\t\t<\/div>\n\t\t\t\t\t\t<\/div>\n\t\t\t\t\t<\/div>\n\t\t<\/div>\n\t\t\t\t\t\t\t\t<\/div>\n\t\t\t\t\t<\/div>\n\t\t<\/section>\n\t\t\t\t<section class=\"elementor-section elementor-top-section elementor-element elementor-element-9d1780d elementor-section-boxed elementor-section-height-default elementor-section-height-default\" data-id=\"9d1780d\" data-element_type=\"section\">\n\t\t\t\t\t\t<div class=\"elementor-container elementor-column-gap-default\">\n\t\t\t\t\t\t\t<div class=\"elementor-row\">\n\t\t\t\t\t<div class=\"elementor-column elementor-col-100 elementor-top-column elementor-element elementor-element-39cbfaa\" data-id=\"39cbfaa\" data-element_type=\"column\">\n\t\t\t<div class=\"elementor-column-wrap elementor-element-populated\">\n\t\t\t\t\t\t\t<div class=\"elementor-widget-wrap\">\n\t\t\t\t\t\t<div class=\"elementor-element elementor-element-28b43d1 elementor-widget elementor-widget-spacer\" data-id=\"28b43d1\" data-element_type=\"widget\" data-widget_type=\"spacer.default\">\n\t\t\t\t<div class=\"elementor-widget-container\">\n\t\t\t\t\t<div class=\"elementor-spacer\">\n\t\t\t<div class=\"elementor-spacer-inner\"><\/div>\n\t\t<\/div>\n\t\t\t\t<\/div>\n\t\t\t\t<\/div>\n\t\t\t\t\t\t<\/div>\n\t\t\t\t\t<\/div>\n\t\t<\/div>\n\t\t\t\t\t\t\t\t<\/div>\n\t\t\t\t\t<\/div>\n\t\t<\/section>\n\t\t\t\t\t\t<\/div>\n\t\t\t\t\t\t<\/div>\n\t\t\t\t\t<\/div>\n\t\t","protected":false},"excerpt":{"rendered":"<p>Listado de profesionales 2023Unidad Sanitaria Villa General Savio Seleccion\u00e1 el d\u00eda: Cl\u00ednica Dra. Mari: lunes a viernes de 08:30 Hs. Dra. Soffiantini: lunes, mi\u00e9rcoles, jueves y viernes 13:30 Hs. \/ &#8230;<\/p>\n","protected":false},"author":1,"featured_media":0,"parent":0,"menu_order":0,"comment_status":"closed","ping_status":"closed","template":"elementor_header_footer","meta":[],"_links":{"self":[{"href":"http:\/\/www.hospitalgomendio.com.ar\/index.php?rest_route=\/wp\/v2\/pages\/1623"}],"collection":[{"href":"http:\/\/www.hospitalgomendio.com.ar\/index.php?rest_route=\/wp\/v2\/pages"}],"about":[{"href":"http:\/\/www.hospitalgomendio.com.ar\/index.php?rest_route=\/wp\/v2\/types\/page"}],"author":[{"embeddable":true,"href":"http:\/\/www.hospitalgomendio.com.ar\/index.php?rest_route=\/wp\/v2\/users\/1"}],"replies":[{"embeddable":true,"href":"http:\/\/www.hospitalgomendio.com.ar\/index.php?rest_route=%2Fwp%2Fv2%2Fcomments&post=1623"}],"version-history":[{"count":15,"href":"http:\/\/www.hospitalgomendio.com.ar\/index.php?rest_route=\/wp\/v2\/pages\/1623\/revisions"}],"predecessor-version":[{"id":1873,"href":"http:\/\/www.hospitalgomendio.com.ar\/index.php?rest_route=\/wp\/v2\/pages\/1623\/revisions\/1873"}],"wp:attachment":[{"href":"http:\/\/www.hospitalgomendio.com.ar\/index.php?rest_route=%2Fwp%2Fv2%2Fmedia&parent=1623"}],"curies":[{"name":"wp","href":"https:\/\/api.w.org\/{rel}","templated":true}]}}